{"id":100210,"date":"2026-01-15T11:58:26","date_gmt":"2026-01-15T10:58:26","guid":{"rendered":"https:\/\/leidorf.de\/product\/roman-fort-ruffenhofen\/"},"modified":"2026-01-15T11:58:26","modified_gmt":"2026-01-15T10:58:26","slug":"roman-fort-ruffenhofen","status":"publish","type":"product","link":"https:\/\/leidorf.de\/en\/product\/roman-fort-ruffenhofen\/","title":{"rendered":"Roman fort Ruffenhofen"},"content":{"rendered":"<p>Aerial view of the Roman fort Ruffenhofen, the former outline of the fort and its internal buildings were recreated through planting projects, Wittelshofen, Ansbach, Middle Franconia<\/p>\n","protected":false},"excerpt":{"rendered":"<p>Aerial view of the Roman fort Ruffenhofen, the former outline of the fort and its internal buildings were recreated through planting projects, Wittelshofen, Ansbach, Middle Franconia<\/p>\n","protected":false},"featured_media":100173,"comment_status":"closed","ping_status":"closed","template":"","meta":{"_kad_blocks_custom_css":"","_kad_blocks_head_custom_js":"","_kad_blocks_body_custom_js":"","_kad_blocks_footer_custom_js":"","_kadence_starter_templates_imported_post":false,"_kad_post_transparent":"","_kad_post_title":"","_kad_post_layout":"","_kad_post_sidebar_id":"","_kad_post_content_style":"","_kad_post_vertical_padding":"","_kad_post_feature":"","_kad_post_feature_position":"","_kad_post_header":false,"_kad_post_footer":false,"_kad_post_classname":""},"product_brand":[],"product_cat":[6498,6478],"product_tag":[576,49,577,7037,7515,73,2468,314,325,91,92,116,117,96,97,102,104,122,106,7516,59,60,2464,78,113,7517,5247,4091,7518,6550,128,6182,6183],"class_list":{"0":"post-100210","1":"product","2":"type-product","3":"status-publish","4":"has-post-thumbnail","6":"product_cat-archaeology","7":"product_cat-fea-en","8":"product_tag-an","9":"product_tag-by","10":"product_tag-mfr","11":"product_tag-13-11-2022","12":"product_tag-6928-074-3","13":"product_tag-aerial","14":"product_tag-aerial-archaeology","15":"product_tag-archaeologie","16":"product_tag-archaeology","17":"product_tag-bavaria","18":"product_tag-bayern","19":"product_tag-color","20":"product_tag-colour","21":"product_tag-deutschland","22":"product_tag-farbe","23":"product_tag-foto-klaus-leidorf-www-leidorf-de","24":"product_tag-germany","25":"product_tag-green","26":"product_tag-gruen","27":"product_tag-kohortenkastell","28":"product_tag-luftaufnahme","29":"product_tag-luftbild","30":"product_tag-luftbildarchaeologie","31":"product_tag-outdoor","32":"product_tag-p2","33":"product_tag-r5017735","34":"product_tag-rekonstruktion","35":"product_tag-roemer","36":"product_tag-roemerkastell","37":"product_tag-roemerpark-ruffenhofen","38":"product_tag-verde","39":"product_tag-vg-hesselberg","40":"product_tag-wittelshofen","41":"pa_license-p0-full-resolution-original","42":"pa_license-p1-full-resolution-original","43":"pa_license-p2-high-resolution-original","44":"pa_license-p3-high-resolution-original","46":"first","47":"instock","48":"taxable","49":"shipping-taxable","50":"purchasable","51":"product-type-variable","52":"entry","53":"content-bg","54":"loop-entry"},"taxonomy_info":{"product_cat":[{"value":6498,"label":"Archaeology"},{"value":6478,"label":"FEA"}],"product_tag":[{"value":576,"label":"-AN-"},{"value":49,"label":"-BY-"},{"value":577,"label":"-MFR-"},{"value":7037,"label":"13.11.2022"},{"value":7515,"label":"6928\/074-3"},{"value":73,"label":"aerial"},{"value":2468,"label":"aerial archaeology"},{"value":314,"label":"Archaeologie"},{"value":325,"label":"archaeology"},{"value":91,"label":"Bavaria"},{"value":92,"label":"Bayern"},{"value":116,"label":"color"},{"value":117,"label":"colour"},{"value":96,"label":"Deutschland"},{"value":97,"label":"Farbe"},{"value":102,"label":"Foto: Klaus Leidorf -- www.Leidorf.de"},{"value":104,"label":"Germany"},{"value":122,"label":"green"},{"value":106,"label":"Gr\u00fcn"},{"value":7516,"label":"Kohortenkastell"},{"value":59,"label":"Luftaufnahme"},{"value":60,"label":"Luftbild"},{"value":2464,"label":"Luftbildarch\u00e4ologie"},{"value":78,"label":"outdoor"},{"value":113,"label":"P2"},{"value":7517,"label":"R5017735"},{"value":5247,"label":"Rekonstruktion"},{"value":4091,"label":"R\u00f6mer"},{"value":7518,"label":"R\u00f6merkastell"},{"value":6550,"label":"R\u00f6merpark Ruffenhofen"},{"value":128,"label":"verde"},{"value":6182,"label":"VG Hesselberg"},{"value":6183,"label":"Wittelshofen"}],"pa_license":[{"value":6469,"label":"P0 Private Nutzungslizenz - Full Resolution (Original)"},{"value":3068,"label":"P1 Full Resolution (Original)"},{"value":3075,"label":"P2 High Resolution (Original)"},{"value":3081,"label":"P3 High Resolution (Original)"}]},"featured_image_src_large":["https:\/\/leidorf.de\/wp-content\/uploads\/Roemerkastell-Ruffenhofen-100173-1024x683.jpg",1024,683,true],"author_info":[],"comment_info":0,"_links":{"self":[{"href":"https:\/\/leidorf.de\/en\/wp-json\/wp\/v2\/product\/100210","targetHints":{"allow":["GET"]}}],"collection":[{"href":"https:\/\/leidorf.de\/en\/wp-json\/wp\/v2\/product"}],"about":[{"href":"https:\/\/leidorf.de\/en\/wp-json\/wp\/v2\/types\/product"}],"replies":[{"embeddable":true,"href":"https:\/\/leidorf.de\/en\/wp-json\/wp\/v2\/comments?post=100210"}],"wp:featuredmedia":[{"embeddable":true,"href":"https:\/\/leidorf.de\/en\/wp-json\/wp\/v2\/media\/100173"}],"wp:attachment":[{"href":"https:\/\/leidorf.de\/en\/wp-json\/wp\/v2\/media?parent=100210"}],"wp:term":[{"taxonomy":"product_brand","embeddable":true,"href":"https:\/\/leidorf.de\/en\/wp-json\/wp\/v2\/product_brand?post=100210"},{"taxonomy":"product_cat","embeddable":true,"href":"https:\/\/leidorf.de\/en\/wp-json\/wp\/v2\/product_cat?post=100210"},{"taxonomy":"product_tag","embeddable":true,"href":"https:\/\/leidorf.de\/en\/wp-json\/wp\/v2\/product_tag?post=100210"}],"curies":[{"name":"wp","href":"https:\/\/api.w.org\/{rel}","templated":true}]}}