{"id":97677,"date":"2023-05-14T16:45:20","date_gmt":"2023-05-14T14:45:20","guid":{"rendered":"https:\/\/leidorf.de\/product\/blooming-hedgerow-country\/"},"modified":"2023-05-14T16:45:20","modified_gmt":"2023-05-14T14:45:20","slug":"blooming-hedgerow-country","status":"publish","type":"product","link":"https:\/\/leidorf.de\/en\/product\/blooming-hedgerow-country\/","title":{"rendered":"Blooming hedgerow country"},"content":{"rendered":"<p>Aerial view of a blooming hedgerow country<\/p>\n","protected":false},"excerpt":{"rendered":"<p>Aerial view of a blooming hedgerow country<\/p>\n","protected":false},"featured_media":95317,"comment_status":"closed","ping_status":"closed","template":"","meta":{"_kad_blocks_custom_css":"","_kad_blocks_head_custom_js":"","_kad_blocks_body_custom_js":"","_kad_blocks_footer_custom_js":"","_kadence_starter_templates_imported_post":false,"_kad_post_transparent":"","_kad_post_title":"","_kad_post_layout":"","_kad_post_sidebar_id":"","_kad_post_content_style":"","_kad_post_vertical_padding":"","_kad_post_feature":"","_kad_post_feature_position":"","_kad_post_header":false,"_kad_post_footer":false,"_kad_post_classname":""},"product_brand":[],"product_cat":[6478,6476,6479],"product_tag":[49,282,130,4499,6352,90,73,114,91,92,2193,2190,116,117,416,417,96,97,98,2536,1334,118,103,102,364,104,122,106,4846,728,730,733,734,6353,410,123,124,108,109,110,111,59,60,77,289,126,78,113,2024,371,69,128,162,170],"class_list":{"0":"post-97677","1":"product","2":"type-product","3":"status-publish","4":"has-post-thumbnail","6":"product_cat-fea-en","7":"product_cat-landscape","8":"product_cat-mood","9":"product_tag-by","10":"product_tag-fs","11":"product_tag-obb","12":"product_tag-19-04-2015","13":"product_tag-5d388579","14":"product_tag-ackerbau","15":"product_tag-aerial","16":"product_tag-agriculture","17":"product_tag-bavaria","18":"product_tag-bayern","19":"product_tag-blossoming","20":"product_tag-bluehen","21":"product_tag-color","22":"product_tag-colour","23":"product_tag-cultivated-landscape","24":"product_tag-cultural","25":"product_tag-deutschland","26":"product_tag-farbe","27":"product_tag-feld","28":"product_tag-feldgehoelz","29":"product_tag-feldgrenzen","30":"product_tag-field","31":"product_tag-foto-klaus-leidorf-www-leidorf-aerial-com","32":"product_tag-foto-klaus-leidorf-www-leidorf-de","33":"product_tag-fruehling","34":"product_tag-germany","35":"product_tag-green","36":"product_tag-gruen","37":"product_tag-gruenland","38":"product_tag-hecke","39":"product_tag-heckenlandschaft","40":"product_tag-hedge","41":"product_tag-hedgerow-country","42":"product_tag-hochfeld","43":"product_tag-kulturlandschaft","44":"product_tag-landscape","45":"product_tag-landscape-nature","46":"product_tag-landscape-and-nature","47":"product_tag-landschaft","48":"product_tag-landschaft-natur","49":"product_tag-landwirtschaft","50":"product_tag-luftaufnahme","51":"product_tag-luftbild","52":"product_tag-mood","53":"product_tag-moosburg","54":"product_tag-nature","55":"product_tag-outdoor","56":"product_tag-p2","57":"product_tag-pfrombach","58":"product_tag-spring","59":"product_tag-stimmung","60":"product_tag-verde","61":"product_tag-weiss","62":"product_tag-white","63":"pa_license-p0-full-resolution-original","64":"pa_license-p1-full-resolution-original","65":"pa_license-p2-high-resolution-original","66":"pa_license-p3-high-resolution-original","68":"first","69":"instock","70":"taxable","71":"shipping-taxable","72":"purchasable","73":"product-type-variable","74":"entry","75":"content-bg","76":"loop-entry"},"taxonomy_info":{"product_cat":[{"value":6478,"label":"FEA"},{"value":6476,"label":"Landscape"},{"value":6479,"label":"Mood"}],"product_tag":[{"value":49,"label":"-BY-"},{"value":282,"label":"-FS-"},{"value":130,"label":"-OBB-"},{"value":4499,"label":"19.04.2015"},{"value":6352,"label":"5D388579"},{"value":90,"label":"Ackerbau"},{"value":73,"label":"aerial"},{"value":114,"label":"agriculture"},{"value":91,"label":"Bavaria"},{"value":92,"label":"Bayern"},{"value":2193,"label":"blossoming"},{"value":2190,"label":"Bl\u00fchen"},{"value":116,"label":"color"},{"value":117,"label":"colour"},{"value":416,"label":"cultivated landscape"},{"value":417,"label":"cultural"},{"value":96,"label":"Deutschland"},{"value":97,"label":"Farbe"},{"value":98,"label":"Feld"},{"value":2536,"label":"Feldgeh\u00f6lz"},{"value":1334,"label":"Feldgrenzen"},{"value":118,"label":"field"},{"value":103,"label":"Foto: Klaus Leidorf -- www.leidorf-aerial.com"},{"value":102,"label":"Foto: Klaus Leidorf -- www.Leidorf.de"},{"value":364,"label":"Fr\u00fchling"},{"value":104,"label":"Germany"},{"value":122,"label":"green"},{"value":106,"label":"Gr\u00fcn"},{"value":4846,"label":"Gr\u00fcnland"},{"value":728,"label":"Hecke"},{"value":730,"label":"Heckenlandschaft"},{"value":733,"label":"hedge"},{"value":734,"label":"hedgerow country"},{"value":6353,"label":"Hochfeld"},{"value":410,"label":"Kulturlandschaft"},{"value":123,"label":"landscape"},{"value":124,"label":"landscape &amp; nature"},{"value":108,"label":"Landscape and Nature"},{"value":109,"label":"Landschaft"},{"value":110,"label":"Landschaft &amp; Natur"},{"value":111,"label":"Landwirtschaft"},{"value":59,"label":"Luftaufnahme"},{"value":60,"label":"Luftbild"},{"value":77,"label":"mood"},{"value":289,"label":"Moosburg"},{"value":126,"label":"nature"},{"value":78,"label":"outdoor"},{"value":113,"label":"P2"},{"value":2024,"label":"Pfrombach"},{"value":371,"label":"spring"},{"value":69,"label":"Stimmung"},{"value":128,"label":"verde"},{"value":162,"label":"Wei\u00df"},{"value":170,"label":"white"}],"pa_license":[{"value":6469,"label":"P0 Private Nutzungslizenz - Full Resolution (Original)"},{"value":3068,"label":"P1 Full Resolution (Original)"},{"value":3075,"label":"P2 High Resolution (Original)"},{"value":3081,"label":"P3 High Resolution (Original)"}]},"featured_image_src_large":["https:\/\/leidorf.de\/wp-content\/uploads\/Bluehenden-Heckenlandschaft-95317-1024x683.jpg",1024,683,true],"author_info":[],"comment_info":0,"_links":{"self":[{"href":"https:\/\/leidorf.de\/en\/wp-json\/wp\/v2\/product\/97677","targetHints":{"allow":["GET"]}}],"collection":[{"href":"https:\/\/leidorf.de\/en\/wp-json\/wp\/v2\/product"}],"about":[{"href":"https:\/\/leidorf.de\/en\/wp-json\/wp\/v2\/types\/product"}],"replies":[{"embeddable":true,"href":"https:\/\/leidorf.de\/en\/wp-json\/wp\/v2\/comments?post=97677"}],"wp:featuredmedia":[{"embeddable":true,"href":"https:\/\/leidorf.de\/en\/wp-json\/wp\/v2\/media\/95317"}],"wp:attachment":[{"href":"https:\/\/leidorf.de\/en\/wp-json\/wp\/v2\/media?parent=97677"}],"wp:term":[{"taxonomy":"product_brand","embeddable":true,"href":"https:\/\/leidorf.de\/en\/wp-json\/wp\/v2\/product_brand?post=97677"},{"taxonomy":"product_cat","embeddable":true,"href":"https:\/\/leidorf.de\/en\/wp-json\/wp\/v2\/product_cat?post=97677"},{"taxonomy":"product_tag","embeddable":true,"href":"https:\/\/leidorf.de\/en\/wp-json\/wp\/v2\/product_tag?post=97677"}],"curies":[{"name":"wp","href":"https:\/\/api.w.org\/{rel}","templated":true}]}}