{"id":97696,"date":"2023-05-14T14:30:19","date_gmt":"2023-05-14T12:30:19","guid":{"rendered":"https:\/\/leidorf.de\/product\/housing-estate-in-oberasbach\/"},"modified":"2023-05-14T14:30:19","modified_gmt":"2023-05-14T12:30:19","slug":"housing-estate-in-oberasbach","status":"publish","type":"product","link":"https:\/\/leidorf.de\/en\/product\/housing-estate-in-oberasbach\/","title":{"rendered":"Housing estate in Oberasbach"},"content":{"rendered":"<p>Aerial view of a housing estate in Oberasbach<\/p>\n","protected":false},"excerpt":{"rendered":"<p>Aerial view of a housing estate in Oberasbach<\/p>\n","protected":false},"featured_media":95274,"comment_status":"closed","ping_status":"closed","template":"","meta":{"_kad_blocks_custom_css":"","_kad_blocks_head_custom_js":"","_kad_blocks_body_custom_js":"","_kad_blocks_footer_custom_js":"","_kadence_starter_templates_imported_post":false,"_kad_post_transparent":"","_kad_post_title":"","_kad_post_layout":"","_kad_post_sidebar_id":"","_kad_post_content_style":"","_kad_post_vertical_padding":"","_kad_post_feature":"","_kad_post_feature_position":"","_kad_post_header":false,"_kad_post_footer":false,"_kad_post_classname":""},"product_brand":[],"product_cat":[6478,6514],"product_tag":[49,2876,577,2395,6339,73,91,92,1006,116,117,96,1080,1081,448,1641,97,103,102,6340,104,122,106,451,473,474,475,476,478,1083,59,60,1072,6341,1644,78,113,483,484,485,487,1084,489,456,802,807,1645,128,461,462,463,464,1005],"class_list":{"0":"post-97696","1":"product","2":"type-product","3":"status-publish","4":"has-post-thumbnail","6":"product_cat-fea-en","7":"product_cat-settlement","8":"product_tag-by","9":"product_tag-fue","10":"product_tag-mfr","11":"product_tag-02-05-2007","12":"product_tag-5d019788","13":"product_tag-aerial","14":"product_tag-bavaria","15":"product_tag-bayern","16":"product_tag-brick-red","17":"product_tag-color","18":"product_tag-colour","19":"product_tag-deutschland","20":"product_tag-developing-area","21":"product_tag-development-area","22":"product_tag-eigenheim","23":"product_tag-einfamilienhaus","24":"product_tag-farbe","25":"product_tag-foto-klaus-leidorf-www-leidorf-aerial-com","26":"product_tag-foto-klaus-leidorf-www-leidorf-de","27":"product_tag-franz-josef-strauss-strasse","28":"product_tag-germany","29":"product_tag-green","30":"product_tag-gruen","31":"product_tag-haus","32":"product_tag-homestead","33":"product_tag-house","34":"product_tag-housing-complex","35":"product_tag-housing-estate","36":"product_tag-living-area","37":"product_tag-living-street","38":"product_tag-luftaufnahme","39":"product_tag-luftbild","40":"product_tag-neubausiedlung","41":"product_tag-oberasbach","42":"product_tag-one-family-house","43":"product_tag-outdoor","44":"product_tag-p2","45":"product_tag-private-home","46":"product_tag-residence","47":"product_tag-residential-complex","48":"product_tag-residential-house","49":"product_tag-residential-road","50":"product_tag-settlement","51":"product_tag-siedlung","52":"product_tag-silber","53":"product_tag-silver","54":"product_tag-single-family-home","55":"product_tag-verde","56":"product_tag-wohngebiet","57":"product_tag-wohnhaus","58":"product_tag-wohnsiedlung","59":"product_tag-wohnstrasse","60":"product_tag-ziegelrot","61":"pa_license-p0-full-resolution-original","62":"pa_license-p1-full-resolution-original","63":"pa_license-p2-high-resolution-original","64":"pa_license-p3-high-resolution-original","66":"first","67":"instock","68":"taxable","69":"shipping-taxable","70":"purchasable","71":"product-type-variable","72":"entry","73":"content-bg","74":"loop-entry"},"taxonomy_info":{"product_cat":[{"value":6478,"label":"FEA"},{"value":6514,"label":"Settlement"}],"product_tag":[{"value":49,"label":"-BY-"},{"value":2876,"label":"-F\u00dc-"},{"value":577,"label":"-MFR-"},{"value":2395,"label":"02.05.2007"},{"value":6339,"label":"5D019788"},{"value":73,"label":"aerial"},{"value":91,"label":"Bavaria"},{"value":92,"label":"Bayern"},{"value":1006,"label":"brick red"},{"value":116,"label":"color"},{"value":117,"label":"colour"},{"value":96,"label":"Deutschland"},{"value":1080,"label":"developing area"},{"value":1081,"label":"development area"},{"value":448,"label":"Eigenheim"},{"value":1641,"label":"Einfamilienhaus"},{"value":97,"label":"Farbe"},{"value":103,"label":"Foto: Klaus Leidorf -- www.leidorf-aerial.com"},{"value":102,"label":"Foto: Klaus Leidorf -- www.Leidorf.de"},{"value":6340,"label":"Franz-Josef-Strau\u00df-Stra\u00dfe"},{"value":104,"label":"Germany"},{"value":122,"label":"green"},{"value":106,"label":"Gr\u00fcn"},{"value":451,"label":"Haus"},{"value":473,"label":"homestead"},{"value":474,"label":"house"},{"value":475,"label":"housing complex"},{"value":476,"label":"housing estate"},{"value":478,"label":"living area"},{"value":1083,"label":"living street"},{"value":59,"label":"Luftaufnahme"},{"value":60,"label":"Luftbild"},{"value":1072,"label":"Neubausiedlung"},{"value":6341,"label":"Oberasbach"},{"value":1644,"label":"one family house"},{"value":78,"label":"outdoor"},{"value":113,"label":"P2"},{"value":483,"label":"private home"},{"value":484,"label":"residence"},{"value":485,"label":"residential complex"},{"value":487,"label":"residential house"},{"value":1084,"label":"residential road"},{"value":489,"label":"settlement"},{"value":456,"label":"Siedlung"},{"value":802,"label":"Silber"},{"value":807,"label":"silver"},{"value":1645,"label":"single-family home"},{"value":128,"label":"verde"},{"value":461,"label":"Wohngebiet"},{"value":462,"label":"Wohnhaus"},{"value":463,"label":"Wohnsiedlung"},{"value":464,"label":"Wohnstra\u00dfe"},{"value":1005,"label":"Ziegelrot"}],"pa_license":[{"value":6469,"label":"P0 Private Nutzungslizenz - Full Resolution (Original)"},{"value":3068,"label":"P1 Full Resolution (Original)"},{"value":3075,"label":"P2 High Resolution (Original)"},{"value":3081,"label":"P3 High Resolution (Original)"}]},"featured_image_src_large":["https:\/\/leidorf.de\/wp-content\/uploads\/Einfamilienhaussiedlung-in-Oberasbach-95274-1024x683.jpg",1024,683,true],"author_info":[],"comment_info":0,"_links":{"self":[{"href":"https:\/\/leidorf.de\/en\/wp-json\/wp\/v2\/product\/97696","targetHints":{"allow":["GET"]}}],"collection":[{"href":"https:\/\/leidorf.de\/en\/wp-json\/wp\/v2\/product"}],"about":[{"href":"https:\/\/leidorf.de\/en\/wp-json\/wp\/v2\/types\/product"}],"replies":[{"embeddable":true,"href":"https:\/\/leidorf.de\/en\/wp-json\/wp\/v2\/comments?post=97696"}],"wp:featuredmedia":[{"embeddable":true,"href":"https:\/\/leidorf.de\/en\/wp-json\/wp\/v2\/media\/95274"}],"wp:attachment":[{"href":"https:\/\/leidorf.de\/en\/wp-json\/wp\/v2\/media?parent=97696"}],"wp:term":[{"taxonomy":"product_brand","embeddable":true,"href":"https:\/\/leidorf.de\/en\/wp-json\/wp\/v2\/product_brand?post=97696"},{"taxonomy":"product_cat","embeddable":true,"href":"https:\/\/leidorf.de\/en\/wp-json\/wp\/v2\/product_cat?post=97696"},{"taxonomy":"product_tag","embeddable":true,"href":"https:\/\/leidorf.de\/en\/wp-json\/wp\/v2\/product_tag?post=97696"}],"curies":[{"name":"wp","href":"https:\/\/api.w.org\/{rel}","templated":true}]}}