{"id":97745,"date":"2023-05-14T08:30:29","date_gmt":"2023-05-14T06:30:29","guid":{"rendered":"https:\/\/leidorf.de\/product\/row-of-12-limetrees-at-the-road-to-mirskofen\/"},"modified":"2023-05-14T08:30:29","modified_gmt":"2023-05-14T06:30:29","slug":"row-of-12-limetrees-at-the-road-to-mirskofen","status":"publish","type":"product","link":"https:\/\/leidorf.de\/en\/product\/row-of-12-limetrees-at-the-road-to-mirskofen\/","title":{"rendered":"Row of 12 limetrees at the road to Mirskofen"},"content":{"rendered":"<p>Aerial view of a row of 12 limetrees at the road to Mirskofen<\/p>\n","protected":false},"excerpt":{"rendered":"<p>Aerial view of a row of 12 limetrees at the road to Mirskofen<\/p>\n","protected":false},"featured_media":95154,"comment_status":"closed","ping_status":"closed","template":"","meta":{"_kad_blocks_custom_css":"","_kad_blocks_head_custom_js":"","_kad_blocks_body_custom_js":"","_kad_blocks_footer_custom_js":"","_kadence_starter_templates_imported_post":false,"_kad_post_transparent":"","_kad_post_title":"","_kad_post_layout":"","_kad_post_sidebar_id":"","_kad_post_content_style":"","_kad_post_vertical_padding":"","_kad_post_feature":"","_kad_post_feature_position":"","_kad_post_header":false,"_kad_post_footer":false,"_kad_post_classname":""},"product_brand":[],"product_cat":[6478,6476],"product_tag":[49,86,51,2782,6283,73,415,2867,317,91,92,95,115,2868,116,117,143,96,384,376,621,97,98,1334,118,145,103,102,104,159,122,167,106,5256,4834,123,124,108,109,110,2023,136,146,327,320,418,329,59,60,5411,126,78,113,412,191,192,419,330,202,537,208,209,210,211,184,4309,185,128],"class_list":{"0":"post-97745","1":"product","2":"type-product","3":"status-publish","4":"has-post-thumbnail","6":"product_cat-fea-en","7":"product_cat-landscape","8":"product_tag-by","9":"product_tag-la","10":"product_tag-ndb","11":"product_tag-04-09-2013","12":"product_tag-5d360715","13":"product_tag-aerial","14":"product_tag-alignment","15":"product_tag-autofrei","16":"product_tag-baumreihe","17":"product_tag-bavaria","18":"product_tag-bayern","19":"product_tag-braun","20":"product_tag-brown","21":"product_tag-car-free","22":"product_tag-color","23":"product_tag-colour","24":"product_tag-deciduous-tree","25":"product_tag-deutschland","26":"product_tag-diagonal","27":"product_tag-diagonale","28":"product_tag-essenbach","29":"product_tag-farbe","30":"product_tag-feld","31":"product_tag-feldgrenzen","32":"product_tag-field","33":"product_tag-foliage-tree","34":"product_tag-foto-klaus-leidorf-www-leidorf-aerial-com","35":"product_tag-foto-klaus-leidorf-www-leidorf-de","36":"product_tag-germany","37":"product_tag-grau","38":"product_tag-green","39":"product_tag-grey","40":"product_tag-gruen","41":"product_tag-kreisstrasse","42":"product_tag-la6","43":"product_tag-landscape","44":"product_tag-landscape-nature","45":"product_tag-landscape-and-nature","46":"product_tag-landschaft","47":"product_tag-landschaft-natur","48":"product_tag-landstrasse","49":"product_tag-laubbaum","50":"product_tag-leaf-tree","51":"product_tag-lime","52":"product_tag-linde","53":"product_tag-line","54":"product_tag-line-of-trees","55":"product_tag-luftaufnahme","56":"product_tag-luftbild","57":"product_tag-mirskofen","58":"product_tag-nature","59":"product_tag-outdoor","60":"product_tag-p2","61":"product_tag-reihe","62":"product_tag-road","63":"product_tag-road-traffic","64":"product_tag-row","65":"product_tag-row-of-trees","66":"product_tag-schatten","67":"product_tag-schattenstimmung","68":"product_tag-shade","69":"product_tag-shades","70":"product_tag-shadow","71":"product_tag-shadows","72":"product_tag-strasse","73":"product_tag-strassenmarkierung","74":"product_tag-strassenverkehr","75":"product_tag-verde","76":"pa_license-p0-full-resolution-original","77":"pa_license-p1-full-resolution-original","78":"pa_license-p2-high-resolution-original","79":"pa_license-p3-high-resolution-original","81":"first","82":"instock","83":"taxable","84":"shipping-taxable","85":"purchasable","86":"product-type-variable","87":"entry","88":"content-bg","89":"loop-entry"},"taxonomy_info":{"product_cat":[{"value":6478,"label":"FEA"},{"value":6476,"label":"Landscape"}],"product_tag":[{"value":49,"label":"-BY-"},{"value":86,"label":"-LA-"},{"value":51,"label":"-NDB-"},{"value":2782,"label":"04.09.2013"},{"value":6283,"label":"5D360715"},{"value":73,"label":"aerial"},{"value":415,"label":"alignment"},{"value":2867,"label":"autofrei"},{"value":317,"label":"Baumreihe"},{"value":91,"label":"Bavaria"},{"value":92,"label":"Bayern"},{"value":95,"label":"Braun"},{"value":115,"label":"brown"},{"value":2868,"label":"car-free"},{"value":116,"label":"color"},{"value":117,"label":"colour"},{"value":143,"label":"deciduous tree"},{"value":96,"label":"Deutschland"},{"value":384,"label":"diagonal"},{"value":376,"label":"Diagonale"},{"value":621,"label":"Essenbach"},{"value":97,"label":"Farbe"},{"value":98,"label":"Feld"},{"value":1334,"label":"Feldgrenzen"},{"value":118,"label":"field"},{"value":145,"label":"foliage tree"},{"value":103,"label":"Foto: Klaus Leidorf -- www.leidorf-aerial.com"},{"value":102,"label":"Foto: Klaus Leidorf -- www.Leidorf.de"},{"value":104,"label":"Germany"},{"value":159,"label":"Grau"},{"value":122,"label":"green"},{"value":167,"label":"grey"},{"value":106,"label":"Gr\u00fcn"},{"value":5256,"label":"Kreisstra\u00dfe"},{"value":4834,"label":"LA6"},{"value":123,"label":"landscape"},{"value":124,"label":"landscape &amp; nature"},{"value":108,"label":"Landscape and Nature"},{"value":109,"label":"Landschaft"},{"value":110,"label":"Landschaft &amp; Natur"},{"value":2023,"label":"Landstra\u00dfe"},{"value":136,"label":"Laubbaum"},{"value":146,"label":"leaf tree"},{"value":327,"label":"lime"},{"value":320,"label":"Linde"},{"value":418,"label":"line"},{"value":329,"label":"line of trees"},{"value":59,"label":"Luftaufnahme"},{"value":60,"label":"Luftbild"},{"value":5411,"label":"Mirskofen"},{"value":126,"label":"nature"},{"value":78,"label":"outdoor"},{"value":113,"label":"P2"},{"value":412,"label":"Reihe"},{"value":191,"label":"road"},{"value":192,"label":"road traffic"},{"value":419,"label":"row"},{"value":330,"label":"row of trees"},{"value":202,"label":"Schatten"},{"value":537,"label":"Schattenstimmung"},{"value":208,"label":"shade"},{"value":209,"label":"shades"},{"value":210,"label":"shadow"},{"value":211,"label":"shadows"},{"value":184,"label":"Stra\u00dfe"},{"value":4309,"label":"Stra\u00dfenmarkierung"},{"value":185,"label":"Stra\u00dfenverkehr"},{"value":128,"label":"verde"}],"pa_license":[{"value":6469,"label":"P0 Private Nutzungslizenz - Full Resolution (Original)"},{"value":3068,"label":"P1 Full Resolution (Original)"},{"value":3075,"label":"P2 High Resolution (Original)"},{"value":3081,"label":"P3 High Resolution (Original)"}]},"featured_image_src_large":["https:\/\/leidorf.de\/wp-content\/uploads\/Reihe-von-12-Linden-an-der-Strasse-nach-Mirskofen-95154-1024x683.jpg",1024,683,true],"author_info":[],"comment_info":0,"_links":{"self":[{"href":"https:\/\/leidorf.de\/en\/wp-json\/wp\/v2\/product\/97745","targetHints":{"allow":["GET"]}}],"collection":[{"href":"https:\/\/leidorf.de\/en\/wp-json\/wp\/v2\/product"}],"about":[{"href":"https:\/\/leidorf.de\/en\/wp-json\/wp\/v2\/types\/product"}],"replies":[{"embeddable":true,"href":"https:\/\/leidorf.de\/en\/wp-json\/wp\/v2\/comments?post=97745"}],"wp:featuredmedia":[{"embeddable":true,"href":"https:\/\/leidorf.de\/en\/wp-json\/wp\/v2\/media\/95154"}],"wp:attachment":[{"href":"https:\/\/leidorf.de\/en\/wp-json\/wp\/v2\/media?parent=97745"}],"wp:term":[{"taxonomy":"product_brand","embeddable":true,"href":"https:\/\/leidorf.de\/en\/wp-json\/wp\/v2\/product_brand?post=97745"},{"taxonomy":"product_cat","embeddable":true,"href":"https:\/\/leidorf.de\/en\/wp-json\/wp\/v2\/product_cat?post=97745"},{"taxonomy":"product_tag","embeddable":true,"href":"https:\/\/leidorf.de\/en\/wp-json\/wp\/v2\/product_tag?post=97745"}],"curies":[{"name":"wp","href":"https:\/\/api.w.org\/{rel}","templated":true}]}}