{"id":97865,"date":"2023-05-13T22:30:20","date_gmt":"2023-05-13T20:30:20","guid":{"rendered":"https:\/\/leidorf.de\/product\/two-strollers-in-the-snow-at-the-bank-of-the-danube-near-weltenburg\/"},"modified":"2024-10-16T18:04:24","modified_gmt":"2024-10-16T16:04:24","slug":"two-strollers-in-the-snow-at-the-bank-of-the-danube-near-weltenburg","status":"publish","type":"product","link":"https:\/\/leidorf.de\/en\/product\/two-strollers-in-the-snow-at-the-bank-of-the-danube-near-weltenburg\/","title":{"rendered":"Two strollers in the snow at the bank of the Danube near Weltenburg"},"content":{"rendered":"<p>Aerial view of two strollers in the snow at the bank of the Danube near Weltenburg, Kelheim<\/p>\n","protected":false},"excerpt":{"rendered":"<p>Aerial view of two strollers in the snow at the bank of the Danube near Weltenburg, Kelheim<\/p>\n","protected":false},"featured_media":94970,"comment_status":"closed","ping_status":"closed","template":"","meta":{"_kad_blocks_custom_css":"","_kad_blocks_head_custom_js":"","_kad_blocks_body_custom_js":"","_kad_blocks_footer_custom_js":"","_kadence_starter_templates_imported_post":false,"_kad_post_transparent":"","_kad_post_title":"","_kad_post_layout":"","_kad_post_sidebar_id":"","_kad_post_content_style":"","_kad_post_vertical_padding":"","_kad_post_feature":"","_kad_post_feature_position":"","_kad_post_header":false,"_kad_post_footer":false,"_kad_post_classname":""},"product_brand":[],"product_cat":[6478,6476,6483,6509],"product_tag":[49,173,51,4462,6166,73,815,91,92,116,117,2062,6167,96,2064,6168,97,265,103,102,58,104,1481,76,59,60,61,77,78,161,79,817,278,279,203,212,812,813,204,69,818,214,215,216,1232,1233,1235,2391,820,821,162,2697,170,163,2387],"class_list":{"0":"post-97865","1":"product","2":"type-product","3":"status-publish","4":"has-post-thumbnail","6":"product_cat-fea-en","7":"product_cat-landscape","8":"product_cat-leisure","9":"product_cat-people","10":"product_tag-by","11":"product_tag-keh","12":"product_tag-ndb","13":"product_tag-06-01-2017","14":"product_tag-5sr23189","15":"product_tag-aerial","16":"product_tag-airing","17":"product_tag-bavaria","18":"product_tag-bayern","19":"product_tag-color","20":"product_tag-colour","21":"product_tag-danube","22":"product_tag-danube-river-bank","23":"product_tag-deutschland","24":"product_tag-donau","25":"product_tag-donauufer","26":"product_tag-farbe","27":"product_tag-fluss","28":"product_tag-foto-klaus-leidorf-www-leidorf-aerial-com","29":"product_tag-foto-klaus-leidorf-www-leidorf-de","30":"product_tag-freizeit","31":"product_tag-germany","32":"product_tag-kelheim","33":"product_tag-leisure","34":"product_tag-luftaufnahme","35":"product_tag-luftbild","36":"product_tag-menschen","37":"product_tag-mood","38":"product_tag-outdoor","39":"product_tag-p1","40":"product_tag-people","41":"product_tag-promenade","42":"product_tag-river","43":"product_tag-riviere","44":"product_tag-schnee","45":"product_tag-snow","46":"product_tag-spaziergang","47":"product_tag-spaziergaenger","48":"product_tag-spuren","49":"product_tag-stimmung","50":"product_tag-strollers","51":"product_tag-traces","52":"product_tag-tracks","53":"product_tag-trails","54":"product_tag-tuerkis","55":"product_tag-tuerkisgruen","56":"product_tag-turquoise","57":"product_tag-two","58":"product_tag-walk","59":"product_tag-walker","60":"product_tag-weiss","61":"product_tag-weltenburg","62":"product_tag-white","63":"product_tag-winter","64":"product_tag-zwei","65":"pa_license-p0-full-resolution-original","66":"pa_license-p1-full-resolution-original","67":"pa_license-p2-high-resolution-original","68":"pa_license-p3-high-resolution-original","70":"first","71":"instock","72":"taxable","73":"shipping-taxable","74":"purchasable","75":"product-type-variable","76":"entry","77":"content-bg","78":"loop-entry"},"taxonomy_info":{"product_cat":[{"value":6478,"label":"FEA"},{"value":6476,"label":"Landscape"},{"value":6483,"label":"Leisure"},{"value":6509,"label":"People"}],"product_tag":[{"value":49,"label":"-BY-"},{"value":173,"label":"-KEH-"},{"value":51,"label":"-NDB-"},{"value":4462,"label":"06.01.2017"},{"value":6166,"label":"5SR23189"},{"value":73,"label":"aerial"},{"value":815,"label":"airing"},{"value":91,"label":"Bavaria"},{"value":92,"label":"Bayern"},{"value":116,"label":"color"},{"value":117,"label":"colour"},{"value":2062,"label":"Danube"},{"value":6167,"label":"Danube river bank"},{"value":96,"label":"Deutschland"},{"value":2064,"label":"Donau"},{"value":6168,"label":"Donauufer"},{"value":97,"label":"Farbe"},{"value":265,"label":"Fluss"},{"value":103,"label":"Foto: Klaus Leidorf -- www.leidorf-aerial.com"},{"value":102,"label":"Foto: Klaus Leidorf -- www.Leidorf.de"},{"value":58,"label":"Freizeit"},{"value":104,"label":"Germany"},{"value":1481,"label":"Kelheim"},{"value":76,"label":"leisure"},{"value":59,"label":"Luftaufnahme"},{"value":60,"label":"Luftbild"},{"value":61,"label":"Menschen"},{"value":77,"label":"mood"},{"value":78,"label":"outdoor"},{"value":161,"label":"P1"},{"value":79,"label":"people"},{"value":817,"label":"promenade"},{"value":278,"label":"river"},{"value":279,"label":"rivi\u00e8re"},{"value":203,"label":"Schnee"},{"value":212,"label":"snow"},{"value":812,"label":"Spaziergang"},{"value":813,"label":"Spazierg\u00e4nger"},{"value":204,"label":"Spuren"},{"value":69,"label":"Stimmung"},{"value":818,"label":"strollers"},{"value":214,"label":"traces"},{"value":215,"label":"tracks"},{"value":216,"label":"trails"},{"value":1232,"label":"T\u00fcrkis"},{"value":1233,"label":"T\u00fcrkisgr\u00fcn"},{"value":1235,"label":"turquoise"},{"value":2391,"label":"two"},{"value":820,"label":"walk"},{"value":821,"label":"walker"},{"value":162,"label":"Wei\u00df"},{"value":2697,"label":"Weltenburg"},{"value":170,"label":"white"},{"value":163,"label":"Winter"},{"value":2387,"label":"Zwei"}],"pa_license":[{"value":6469,"label":"P0 Private Nutzungslizenz - Full Resolution (Original)"},{"value":3068,"label":"P1 Full Resolution (Original)"},{"value":3075,"label":"P2 High Resolution (Original)"},{"value":3081,"label":"P3 High Resolution (Original)"}]},"featured_image_src_large":["https:\/\/leidorf.de\/wp-content\/uploads\/Zwei-Spaziergaenger-im-Schnee-am-Donauufer-bei-Weltenburg-94970-1024x683.jpg",1024,683,true],"author_info":[],"comment_info":0,"_links":{"self":[{"href":"https:\/\/leidorf.de\/en\/wp-json\/wp\/v2\/product\/97865","targetHints":{"allow":["GET"]}}],"collection":[{"href":"https:\/\/leidorf.de\/en\/wp-json\/wp\/v2\/product"}],"about":[{"href":"https:\/\/leidorf.de\/en\/wp-json\/wp\/v2\/types\/product"}],"replies":[{"embeddable":true,"href":"https:\/\/leidorf.de\/en\/wp-json\/wp\/v2\/comments?post=97865"}],"wp:featuredmedia":[{"embeddable":true,"href":"https:\/\/leidorf.de\/en\/wp-json\/wp\/v2\/media\/94970"}],"wp:attachment":[{"href":"https:\/\/leidorf.de\/en\/wp-json\/wp\/v2\/media?parent=97865"}],"wp:term":[{"taxonomy":"product_brand","embeddable":true,"href":"https:\/\/leidorf.de\/en\/wp-json\/wp\/v2\/product_brand?post=97865"},{"taxonomy":"product_cat","embeddable":true,"href":"https:\/\/leidorf.de\/en\/wp-json\/wp\/v2\/product_cat?post=97865"},{"taxonomy":"product_tag","embeddable":true,"href":"https:\/\/leidorf.de\/en\/wp-json\/wp\/v2\/product_tag?post=97865"}],"curies":[{"name":"wp","href":"https:\/\/api.w.org\/{rel}","templated":true}]}}