{"id":97950,"date":"2023-05-13T12:45:11","date_gmt":"2023-05-13T10:45:11","guid":{"rendered":"https:\/\/leidorf.de\/product\/pound-for-new-cars-at-the-prinz-leopold-barracks-in-regensburg\/"},"modified":"2023-05-13T12:45:11","modified_gmt":"2023-05-13T10:45:11","slug":"pound-for-new-cars-at-the-prinz-leopold-barracks-in-regensburg","status":"publish","type":"product","link":"https:\/\/leidorf.de\/en\/product\/pound-for-new-cars-at-the-prinz-leopold-barracks-in-regensburg\/","title":{"rendered":"Pound for new cars at the Prinz-Leopold-Barracks in Regensburg"},"content":{"rendered":"<p>Aerial view of the Prinz-Leopold-Barracks in Regensburg, which is used as pound for new Audis<\/p>\n","protected":false},"excerpt":{"rendered":"<p>Aerial view of the Prinz-Leopold-Barracks in Regensburg, which is used as pound for new Audis<\/p>\n","protected":false},"featured_media":94780,"comment_status":"closed","ping_status":"closed","template":"","meta":{"_kad_blocks_custom_css":"","_kad_blocks_head_custom_js":"","_kad_blocks_body_custom_js":"","_kad_blocks_footer_custom_js":"","_kadence_starter_templates_imported_post":false,"_kad_post_transparent":"","_kad_post_title":"","_kad_post_layout":"","_kad_post_sidebar_id":"","_kad_post_content_style":"","_kad_post_vertical_padding":"","_kad_post_feature":"","_kad_post_feature_position":"","_kad_post_header":false,"_kad_post_footer":false,"_kad_post_classname":""},"product_brand":[],"product_cat":[6478,6514],"product_tag":[49,260,661,6079,6080,757,73,175,176,758,188,759,768,177,6084,91,92,275,189,190,6085,116,117,96,97,103,102,104,392,105,120,121,6081,59,60,277,763,770,78,113,398,771,399,765,182,6082,1942,141,148,269,489,456,194,187,162,170,6083],"class_list":{"0":"post-97950","1":"product","2":"type-product","3":"status-publish","4":"has-post-thumbnail","6":"product_cat-fea-en","7":"product_cat-settlement","8":"product_tag-by","9":"product_tag-opf","10":"product_tag-r","11":"product_tag-12-08-2018","12":"product_tag-5sr49746","13":"product_tag-abstellplatz","14":"product_tag-aerial","15":"product_tag-audi","16":"product_tag-auto","17":"product_tag-automobil","18":"product_tag-automobile","19":"product_tag-automobilindustrie","20":"product_tag-automotive-industry","21":"product_tag-autos","22":"product_tag-barracks","23":"product_tag-bavaria","24":"product_tag-bayern","25":"product_tag-black","26":"product_tag-car","27":"product_tag-cars","28":"product_tag-casern","29":"product_tag-color","30":"product_tag-colour","31":"product_tag-deutschland","32":"product_tag-farbe","33":"product_tag-foto-klaus-leidorf-www-leidorf-aerial-com","34":"product_tag-foto-klaus-leidorf-www-leidorf-de","35":"product_tag-germany","36":"product_tag-gold","37":"product_tag-grafik","38":"product_tag-graphic-art","39":"product_tag-graphics","40":"product_tag-kaserne","41":"product_tag-luftaufnahme","42":"product_tag-luftbild","43":"product_tag-negro","44":"product_tag-neuwagen","45":"product_tag-new-car","46":"product_tag-outdoor","47":"product_tag-p2","48":"product_tag-parken","49":"product_tag-parking-place","50":"product_tag-parkplatz","51":"product_tag-personenwagen","52":"product_tag-pkw","53":"product_tag-prinz-leopold-kaserne","54":"product_tag-regensburg","55":"product_tag-reihen","56":"product_tag-rows","57":"product_tag-schwarz","58":"product_tag-settlement","59":"product_tag-siedlung","60":"product_tag-traffic","61":"product_tag-verkehr","62":"product_tag-weiss","63":"product_tag-white","64":"product_tag-zeissstrasse","65":"pa_license-p0-full-resolution-original","66":"pa_license-p1-full-resolution-original","67":"pa_license-p2-high-resolution-original","68":"pa_license-p3-high-resolution-original","70":"first","71":"instock","72":"taxable","73":"shipping-taxable","74":"purchasable","75":"product-type-variable","76":"entry","77":"content-bg","78":"loop-entry"},"taxonomy_info":{"product_cat":[{"value":6478,"label":"FEA"},{"value":6514,"label":"Settlement"}],"product_tag":[{"value":49,"label":"-BY-"},{"value":260,"label":"-OPF-"},{"value":661,"label":"-R-"},{"value":6079,"label":"12.08.2018"},{"value":6080,"label":"5SR49746"},{"value":757,"label":"Abstellplatz"},{"value":73,"label":"aerial"},{"value":175,"label":"Audi"},{"value":176,"label":"Auto"},{"value":758,"label":"Automobil"},{"value":188,"label":"automobile"},{"value":759,"label":"Automobilindustrie"},{"value":768,"label":"automotive industry"},{"value":177,"label":"Autos"},{"value":6084,"label":"barracks"},{"value":91,"label":"Bavaria"},{"value":92,"label":"Bayern"},{"value":275,"label":"black"},{"value":189,"label":"car"},{"value":190,"label":"cars"},{"value":6085,"label":"casern"},{"value":116,"label":"color"},{"value":117,"label":"colour"},{"value":96,"label":"Deutschland"},{"value":97,"label":"Farbe"},{"value":103,"label":"Foto: Klaus Leidorf -- www.leidorf-aerial.com"},{"value":102,"label":"Foto: Klaus Leidorf -- www.Leidorf.de"},{"value":104,"label":"Germany"},{"value":392,"label":"Gold"},{"value":105,"label":"Grafik"},{"value":120,"label":"graphic art"},{"value":121,"label":"graphics"},{"value":6081,"label":"Kaserne"},{"value":59,"label":"Luftaufnahme"},{"value":60,"label":"Luftbild"},{"value":277,"label":"negro"},{"value":763,"label":"Neuwagen"},{"value":770,"label":"new car"},{"value":78,"label":"outdoor"},{"value":113,"label":"P2"},{"value":398,"label":"Parken"},{"value":771,"label":"parking place"},{"value":399,"label":"Parkplatz"},{"value":765,"label":"Personenwagen"},{"value":182,"label":"PKW"},{"value":6082,"label":"Prinz-Leopold-Kaserne"},{"value":1942,"label":"Regensburg"},{"value":141,"label":"Reihen"},{"value":148,"label":"rows"},{"value":269,"label":"Schwarz"},{"value":489,"label":"settlement"},{"value":456,"label":"Siedlung"},{"value":194,"label":"traffic"},{"value":187,"label":"Verkehr"},{"value":162,"label":"Wei\u00df"},{"value":170,"label":"white"},{"value":6083,"label":"Zei\u00dfstra\u00dfe"}],"pa_license":[{"value":6469,"label":"P0 Private Nutzungslizenz - Full Resolution (Original)"},{"value":3068,"label":"P1 Full Resolution (Original)"},{"value":3075,"label":"P2 High Resolution (Original)"},{"value":3081,"label":"P3 High Resolution (Original)"}]},"featured_image_src_large":["https:\/\/leidorf.de\/wp-content\/uploads\/Abstellflaeche-fuer-neue-Autos-in-der-Prinz-Leopold-Kaserne-in-Regensburg-94780-1024x683.jpg",1024,683,true],"author_info":[],"comment_info":0,"_links":{"self":[{"href":"https:\/\/leidorf.de\/en\/wp-json\/wp\/v2\/product\/97950","targetHints":{"allow":["GET"]}}],"collection":[{"href":"https:\/\/leidorf.de\/en\/wp-json\/wp\/v2\/product"}],"about":[{"href":"https:\/\/leidorf.de\/en\/wp-json\/wp\/v2\/types\/product"}],"replies":[{"embeddable":true,"href":"https:\/\/leidorf.de\/en\/wp-json\/wp\/v2\/comments?post=97950"}],"wp:featuredmedia":[{"embeddable":true,"href":"https:\/\/leidorf.de\/en\/wp-json\/wp\/v2\/media\/94780"}],"wp:attachment":[{"href":"https:\/\/leidorf.de\/en\/wp-json\/wp\/v2\/media?parent=97950"}],"wp:term":[{"taxonomy":"product_brand","embeddable":true,"href":"https:\/\/leidorf.de\/en\/wp-json\/wp\/v2\/product_brand?post=97950"},{"taxonomy":"product_cat","embeddable":true,"href":"https:\/\/leidorf.de\/en\/wp-json\/wp\/v2\/product_cat?post=97950"},{"taxonomy":"product_tag","embeddable":true,"href":"https:\/\/leidorf.de\/en\/wp-json\/wp\/v2\/product_tag?post=97950"}],"curies":[{"name":"wp","href":"https:\/\/api.w.org\/{rel}","templated":true}]}}