{"id":98008,"date":"2023-04-17T16:06:08","date_gmt":"2023-04-17T14:06:08","guid":{"rendered":"https:\/\/leidorf.de\/product\/streets-and-paths-with-an-underpass\/"},"modified":"2025-01-21T10:44:42","modified_gmt":"2025-01-21T09:44:42","slug":"streets-and-paths-with-an-underpass","status":"publish","type":"product","link":"https:\/\/leidorf.de\/en\/product\/streets-and-paths-with-an-underpass\/","title":{"rendered":"Streets and paths with an underpass"},"content":{"rendered":"<p>Aerial view of streets and paths with an underpass in Bad Abbach, Kelheim, Lower Bavaria<\/p>\n","protected":false},"excerpt":{"rendered":"<p>Aerial view of streets and paths with an underpass in Bad Abbach, Kelheim, Lower Bavaria<\/p>\n","protected":false},"featured_media":89309,"comment_status":"closed","ping_status":"closed","template":"","meta":{"_kad_blocks_custom_css":"","_kad_blocks_head_custom_js":"","_kad_blocks_body_custom_js":"","_kad_blocks_footer_custom_js":"","_kadence_starter_templates_imported_post":false,"_kad_post_transparent":"","_kad_post_title":"","_kad_post_layout":"","_kad_post_sidebar_id":"","_kad_post_content_style":"","_kad_post_vertical_padding":"","_kad_post_feature":"","_kad_post_feature_position":"","_kad_post_header":false,"_kad_post_footer":false,"_kad_post_classname":""},"product_brand":[],"product_cat":[6478,6496],"product_tag":[49,173,51,6533,174,73,175,176,188,177,178,179,91,92,95,115,180,189,190,116,117,96,97,103,102,104,105,120,121,159,122,167,106,181,125,112,59,60,78,113,182,183,191,192,193,184,185,194,186,128,187],"class_list":{"0":"post-98008","1":"product","2":"type-product","3":"status-publish","4":"has-post-thumbnail","6":"product_cat-fea-en","7":"product_cat-traffic","8":"product_tag-by","9":"product_tag-keh","10":"product_tag-ndb","11":"product_tag-1ds73817","12":"product_tag-27-11-2011","13":"product_tag-aerial","14":"product_tag-audi","15":"product_tag-auto","16":"product_tag-automobile","17":"product_tag-autos","18":"product_tag-b16","19":"product_tag-bad-abbach","20":"product_tag-bavaria","21":"product_tag-bayern","22":"product_tag-braun","23":"product_tag-brown","24":"product_tag-bundesstrasse","25":"product_tag-car","26":"product_tag-cars","27":"product_tag-color","28":"product_tag-colour","29":"product_tag-deutschland","30":"product_tag-farbe","31":"product_tag-foto-klaus-leidorf-www-leidorf-aerial-com","32":"product_tag-foto-klaus-leidorf-www-leidorf-de","33":"product_tag-germany","34":"product_tag-grafik","35":"product_tag-graphic-art","36":"product_tag-graphics","37":"product_tag-grau","38":"product_tag-green","39":"product_tag-grey","40":"product_tag-gruen","41":"product_tag-kombi","42":"product_tag-lines","43":"product_tag-linien","44":"product_tag-luftaufnahme","45":"product_tag-luftbild","46":"product_tag-outdoor","47":"product_tag-p2","48":"product_tag-pkw","49":"product_tag-radweg","50":"product_tag-road","51":"product_tag-road-traffic","52":"product_tag-station-wagon","53":"product_tag-strasse","54":"product_tag-strassenverkehr","55":"product_tag-traffic","56":"product_tag-unterfuehrung","57":"product_tag-verde","58":"product_tag-verkehr","59":"pa_license-p0-full-resolution-original","60":"pa_license-p1-full-resolution-original","61":"pa_license-p2-high-resolution-original","62":"pa_license-p3-high-resolution-original","64":"first","65":"instock","66":"taxable","67":"shipping-taxable","68":"purchasable","69":"product-type-variable","70":"entry","71":"content-bg","72":"loop-entry"},"taxonomy_info":{"product_cat":[{"value":6478,"label":"FEA"},{"value":6496,"label":"Traffic"}],"product_tag":[{"value":49,"label":"-BY-"},{"value":173,"label":"-KEH-"},{"value":51,"label":"-NDB-"},{"value":6533,"label":"1Ds73817"},{"value":174,"label":"27.11.2011"},{"value":73,"label":"aerial"},{"value":175,"label":"Audi"},{"value":176,"label":"Auto"},{"value":188,"label":"automobile"},{"value":177,"label":"Autos"},{"value":178,"label":"B16"},{"value":179,"label":"Bad Abbach"},{"value":91,"label":"Bavaria"},{"value":92,"label":"Bayern"},{"value":95,"label":"Braun"},{"value":115,"label":"brown"},{"value":180,"label":"Bundesstra\u00dfe"},{"value":189,"label":"car"},{"value":190,"label":"cars"},{"value":116,"label":"color"},{"value":117,"label":"colour"},{"value":96,"label":"Deutschland"},{"value":97,"label":"Farbe"},{"value":103,"label":"Foto: Klaus Leidorf -- www.leidorf-aerial.com"},{"value":102,"label":"Foto: Klaus Leidorf -- www.Leidorf.de"},{"value":104,"label":"Germany"},{"value":105,"label":"Grafik"},{"value":120,"label":"graphic art"},{"value":121,"label":"graphics"},{"value":159,"label":"Grau"},{"value":122,"label":"green"},{"value":167,"label":"grey"},{"value":106,"label":"Gr\u00fcn"},{"value":181,"label":"Kombi"},{"value":125,"label":"lines"},{"value":112,"label":"Linien"},{"value":59,"label":"Luftaufnahme"},{"value":60,"label":"Luftbild"},{"value":78,"label":"outdoor"},{"value":113,"label":"P2"},{"value":182,"label":"PKW"},{"value":183,"label":"Radweg"},{"value":191,"label":"road"},{"value":192,"label":"road traffic"},{"value":193,"label":"station wagon"},{"value":184,"label":"Stra\u00dfe"},{"value":185,"label":"Stra\u00dfenverkehr"},{"value":194,"label":"traffic"},{"value":186,"label":"Unterf\u00fchrung"},{"value":128,"label":"verde"},{"value":187,"label":"Verkehr"}],"pa_license":[{"value":6469,"label":"P0 Private Nutzungslizenz - Full Resolution (Original)"},{"value":3068,"label":"P1 Full Resolution (Original)"},{"value":3075,"label":"P2 High Resolution (Original)"},{"value":3081,"label":"P3 High Resolution (Original)"}]},"featured_image_src_large":["https:\/\/leidorf.de\/wp-content\/uploads\/2023\/04\/Strassen-und-Wegen-mit-Unterfuehrung-89309-1024x683.jpg",1024,683,true],"author_info":[],"comment_info":0,"_links":{"self":[{"href":"https:\/\/leidorf.de\/en\/wp-json\/wp\/v2\/product\/98008","targetHints":{"allow":["GET"]}}],"collection":[{"href":"https:\/\/leidorf.de\/en\/wp-json\/wp\/v2\/product"}],"about":[{"href":"https:\/\/leidorf.de\/en\/wp-json\/wp\/v2\/types\/product"}],"replies":[{"embeddable":true,"href":"https:\/\/leidorf.de\/en\/wp-json\/wp\/v2\/comments?post=98008"}],"wp:featuredmedia":[{"embeddable":true,"href":"https:\/\/leidorf.de\/en\/wp-json\/wp\/v2\/media\/89309"}],"wp:attachment":[{"href":"https:\/\/leidorf.de\/en\/wp-json\/wp\/v2\/media?parent=98008"}],"wp:term":[{"taxonomy":"product_brand","embeddable":true,"href":"https:\/\/leidorf.de\/en\/wp-json\/wp\/v2\/product_brand?post=98008"},{"taxonomy":"product_cat","embeddable":true,"href":"https:\/\/leidorf.de\/en\/wp-json\/wp\/v2\/product_cat?post=98008"},{"taxonomy":"product_tag","embeddable":true,"href":"https:\/\/leidorf.de\/en\/wp-json\/wp\/v2\/product_tag?post=98008"}],"curies":[{"name":"wp","href":"https:\/\/api.w.org\/{rel}","templated":true}]}}