{"id":98780,"date":"2025-11-24T15:30:34","date_gmt":"2025-11-24T14:30:34","guid":{"rendered":"https:\/\/leidorf.de\/product\/two-pedestrians-and-a-red-van\/"},"modified":"2025-11-24T15:30:34","modified_gmt":"2025-11-24T14:30:34","slug":"two-pedestrians-and-a-red-van","status":"publish","type":"product","link":"https:\/\/leidorf.de\/en\/product\/two-pedestrians-and-a-red-van\/","title":{"rendered":"Two pedestrians and a red van"},"content":{"rendered":"<p>Aerial view of two pedestrians and a red van with the driver&#8217;s door open in Ingolstadt, Upper Bavaria<\/p>\n","protected":false},"excerpt":{"rendered":"<p>Aerial view of two pedestrians and a red van with the driver&#8217;s door open in Ingolstadt, Upper Bavaria<\/p>\n","protected":false},"featured_media":98757,"comment_status":"closed","ping_status":"closed","template":"","meta":{"_kad_blocks_custom_css":"","_kad_blocks_head_custom_js":"","_kad_blocks_body_custom_js":"","_kad_blocks_footer_custom_js":"","_kadence_starter_templates_imported_post":false,"_kad_post_transparent":"","_kad_post_title":"","_kad_post_layout":"","_kad_post_sidebar_id":"","_kad_post_content_style":"","_kad_post_vertical_padding":"","_kad_post_feature":"","_kad_post_feature_position":"","_kad_post_header":false,"_kad_post_footer":false,"_kad_post_classname":""},"product_brand":[],"product_cat":[6478],"product_tag":[49,1101,130,1102,73,4437,6886,133,316,317,91,92,2773,95,115,593,116,117,143,96,249,97,145,102,874,104,159,167,1104,2769,136,146,329,59,60,61,78,668,2774,598,599,600,883,79,586,587,1413,370,367,330,6887,202,602,208,209,210,211,1415,331,151,257,821],"class_list":{"0":"post-98780","1":"product","2":"type-product","3":"status-publish","4":"has-post-thumbnail","6":"product_cat-fea-en","7":"product_tag-by","8":"product_tag-in","9":"product_tag-obb","10":"product_tag-23-11-2002","11":"product_tag-aerial","12":"product_tag-audigelaende","13":"product_tag-auto-union-strasse","14":"product_tag-baeume","15":"product_tag-baumpflanzung","16":"product_tag-baumreihe","17":"product_tag-bavaria","18":"product_tag-bayern","19":"product_tag-box-wagon","20":"product_tag-braun","21":"product_tag-brown","22":"product_tag-cobblestone","23":"product_tag-color","24":"product_tag-colour","25":"product_tag-deciduous-tree","26":"product_tag-deutschland","27":"product_tag-fahrzeug","28":"product_tag-farbe","29":"product_tag-foliage-tree","30":"product_tag-foto-klaus-leidorf-www-leidorf-de","31":"product_tag-fussgaenger","32":"product_tag-germany","33":"product_tag-grau","34":"product_tag-grey","35":"product_tag-ingolstadt","36":"product_tag-kastenwagen","37":"product_tag-laubbaum","38":"product_tag-leaf-tree","39":"product_tag-line-of-trees","40":"product_tag-luftaufnahme","41":"product_tag-luftbild","42":"product_tag-menschen","43":"product_tag-outdoor","44":"product_tag-p3","45":"product_tag-panel-van","46":"product_tag-pavement","47":"product_tag-paving","48":"product_tag-paving-block","49":"product_tag-pedestrian","50":"product_tag-people","51":"product_tag-pflaster","52":"product_tag-pflasterstein","53":"product_tag-platz","54":"product_tag-red","55":"product_tag-rot","56":"product_tag-row-of-trees","57":"product_tag-s2p06293","58":"product_tag-schatten","59":"product_tag-sett","60":"product_tag-shade","61":"product_tag-shades","62":"product_tag-shadow","63":"product_tag-shadows","64":"product_tag-square","65":"product_tag-tree-plantation","66":"product_tag-trees","67":"product_tag-vehicle","68":"product_tag-walker","69":"pa_license-p0-full-resolution-original","70":"pa_license-p1-full-resolution-original","71":"pa_license-p2-high-resolution-original","72":"pa_license-p3-high-resolution-original","74":"first","75":"instock","76":"taxable","77":"shipping-taxable","78":"purchasable","79":"product-type-variable","80":"entry","81":"content-bg","82":"loop-entry"},"taxonomy_info":{"product_cat":[{"value":6478,"label":"FEA"}],"product_tag":[{"value":49,"label":"-BY-"},{"value":1101,"label":"-IN*-"},{"value":130,"label":"-OBB-"},{"value":1102,"label":"23.11.2002"},{"value":73,"label":"aerial"},{"value":4437,"label":"Audigel\u00e4nde"},{"value":6886,"label":"Auto-Union-Stra\u00dfe"},{"value":133,"label":"B\u00e4ume"},{"value":316,"label":"Baumpflanzung"},{"value":317,"label":"Baumreihe"},{"value":91,"label":"Bavaria"},{"value":92,"label":"Bayern"},{"value":2773,"label":"box wagon"},{"value":95,"label":"Braun"},{"value":115,"label":"brown"},{"value":593,"label":"cobblestone"},{"value":116,"label":"color"},{"value":117,"label":"colour"},{"value":143,"label":"deciduous tree"},{"value":96,"label":"Deutschland"},{"value":249,"label":"Fahrzeug"},{"value":97,"label":"Farbe"},{"value":145,"label":"foliage tree"},{"value":102,"label":"Foto: Klaus Leidorf -- www.Leidorf.de"},{"value":874,"label":"Fu\u00dfg\u00e4nger"},{"value":104,"label":"Germany"},{"value":159,"label":"Grau"},{"value":167,"label":"grey"},{"value":1104,"label":"Ingolstadt"},{"value":2769,"label":"Kastenwagen"},{"value":136,"label":"Laubbaum"},{"value":146,"label":"leaf tree"},{"value":329,"label":"line of trees"},{"value":59,"label":"Luftaufnahme"},{"value":60,"label":"Luftbild"},{"value":61,"label":"Menschen"},{"value":78,"label":"outdoor"},{"value":668,"label":"P3"},{"value":2774,"label":"panel van"},{"value":598,"label":"pavement"},{"value":599,"label":"paving"},{"value":600,"label":"paving block"},{"value":883,"label":"pedestrian"},{"value":79,"label":"people"},{"value":586,"label":"Pflaster"},{"value":587,"label":"Pflasterstein"},{"value":1413,"label":"Platz"},{"value":370,"label":"red"},{"value":367,"label":"Rot"},{"value":330,"label":"row of trees"},{"value":6887,"label":"S2p06293"},{"value":202,"label":"Schatten"},{"value":602,"label":"sett"},{"value":208,"label":"shade"},{"value":209,"label":"shades"},{"value":210,"label":"shadow"},{"value":211,"label":"shadows"},{"value":1415,"label":"square"},{"value":331,"label":"tree plantation"},{"value":151,"label":"trees"},{"value":257,"label":"vehicle"},{"value":821,"label":"walker"}],"pa_license":[{"value":6469,"label":"P0 Private Nutzungslizenz - Full Resolution (Original)"},{"value":3068,"label":"P1 Full Resolution (Original)"},{"value":3075,"label":"P2 High Resolution (Original)"},{"value":3081,"label":"P3 High Resolution (Original)"}]},"featured_image_src_large":["https:\/\/leidorf.de\/wp-content\/uploads\/Zwei-Fussgaenger-und-roter-Kastenwagen-98757-1024x685.jpg",1024,685,true],"author_info":[],"comment_info":0,"_links":{"self":[{"href":"https:\/\/leidorf.de\/en\/wp-json\/wp\/v2\/product\/98780","targetHints":{"allow":["GET"]}}],"collection":[{"href":"https:\/\/leidorf.de\/en\/wp-json\/wp\/v2\/product"}],"about":[{"href":"https:\/\/leidorf.de\/en\/wp-json\/wp\/v2\/types\/product"}],"replies":[{"embeddable":true,"href":"https:\/\/leidorf.de\/en\/wp-json\/wp\/v2\/comments?post=98780"}],"wp:featuredmedia":[{"embeddable":true,"href":"https:\/\/leidorf.de\/en\/wp-json\/wp\/v2\/media\/98757"}],"wp:attachment":[{"href":"https:\/\/leidorf.de\/en\/wp-json\/wp\/v2\/media?parent=98780"}],"wp:term":[{"taxonomy":"product_brand","embeddable":true,"href":"https:\/\/leidorf.de\/en\/wp-json\/wp\/v2\/product_brand?post=98780"},{"taxonomy":"product_cat","embeddable":true,"href":"https:\/\/leidorf.de\/en\/wp-json\/wp\/v2\/product_cat?post=98780"},{"taxonomy":"product_tag","embeddable":true,"href":"https:\/\/leidorf.de\/en\/wp-json\/wp\/v2\/product_tag?post=98780"}],"curies":[{"name":"wp","href":"https:\/\/api.w.org\/{rel}","templated":true}]}}