{"id":98959,"date":"2025-11-26T16:45:14","date_gmt":"2025-11-26T15:45:14","guid":{"rendered":"https:\/\/leidorf.de\/product\/wintershof-in-the-altmuehl-valley\/"},"modified":"2025-11-26T16:45:14","modified_gmt":"2025-11-26T15:45:14","slug":"wintershof-in-the-altmuehl-valley","status":"publish","type":"product","link":"https:\/\/leidorf.de\/en\/product\/wintershof-in-the-altmuehl-valley\/","title":{"rendered":"Wintershof in the Altm\u00fchl valley"},"content":{"rendered":"<p>Aerial view of the village of Wintershof in the Altm\u00fchl valley with Willibaldsburg Castle in the background, Eichst\u00e4tt, Upper Bavaria<\/p>\n","protected":false},"excerpt":{"rendered":"<p>Aerial view of the village of Wintershof in the Altm\u00fchl valley with Willibaldsburg Castle in the background, Eichst\u00e4tt, Upper Bavaria<\/p>\n","protected":false},"featured_media":98877,"comment_status":"closed","ping_status":"closed","template":"","meta":{"_kad_blocks_custom_css":"","_kad_blocks_head_custom_js":"","_kad_blocks_body_custom_js":"","_kad_blocks_footer_custom_js":"","_kadence_starter_templates_imported_post":false,"_kad_post_transparent":"","_kad_post_title":"","_kad_post_layout":"","_kad_post_sidebar_id":"","_kad_post_content_style":"","_kad_post_vertical_padding":"","_kad_post_feature":"","_kad_post_feature_position":"","_kad_post_header":false,"_kad_post_footer":false,"_kad_post_classname":""},"product_brand":[],"product_cat":[6478],"product_tag":[49,306,130,1102,73,522,523,6919,91,92,920,650,116,117,96,608,6920,97,652,935,102,104,613,6921,614,610,123,124,108,109,110,59,60,615,77,126,640,78,113,6922,6923,6924,489,456,69,1815,1816,6925,6926,646],"class_list":{"0":"post-98959","1":"product","2":"type-product","3":"status-publish","4":"has-post-thumbnail","6":"product_cat-fea-en","7":"product_tag-by","8":"product_tag-ei","9":"product_tag-obb","10":"product_tag-23-11-2002","11":"product_tag-aerial","12":"product_tag-alpenpanorama","13":"product_tag-alpine-panorama","14":"product_tag-altmuehltal","15":"product_tag-bavaria","16":"product_tag-bayern","17":"product_tag-burg","18":"product_tag-clouds","19":"product_tag-color","20":"product_tag-colour","21":"product_tag-deutschland","22":"product_tag-dunst","23":"product_tag-eichstaett","24":"product_tag-farbe","25":"product_tag-fog","26":"product_tag-fortress","27":"product_tag-foto-klaus-leidorf-www-leidorf-de","28":"product_tag-germany","29":"product_tag-haze","30":"product_tag-hohes-kreuz","31":"product_tag-horizon","32":"product_tag-horizont","33":"product_tag-landscape","34":"product_tag-landscape-nature","35":"product_tag-landscape-and-nature","36":"product_tag-landschaft","37":"product_tag-landschaft-natur","38":"product_tag-luftaufnahme","39":"product_tag-luftbild","40":"product_tag-mist","41":"product_tag-mood","42":"product_tag-nature","43":"product_tag-nebel","44":"product_tag-outdoor","45":"product_tag-p2","46":"product_tag-prinz-max-strasse","47":"product_tag-s2p06322","48":"product_tag-sallachstrasse","49":"product_tag-settlement","50":"product_tag-siedlung","51":"product_tag-stimmung","52":"product_tag-tal","53":"product_tag-valley","54":"product_tag-willibaldsburg","55":"product_tag-wintershof","56":"product_tag-wolken","57":"pa_license-p0-full-resolution-original","58":"pa_license-p1-full-resolution-original","59":"pa_license-p2-high-resolution-original","60":"pa_license-p3-high-resolution-original","62":"first","63":"instock","64":"taxable","65":"shipping-taxable","66":"purchasable","67":"product-type-variable","68":"entry","69":"content-bg","70":"loop-entry"},"taxonomy_info":{"product_cat":[{"value":6478,"label":"FEA"}],"product_tag":[{"value":49,"label":"-BY-"},{"value":306,"label":"-EI-"},{"value":130,"label":"-OBB-"},{"value":1102,"label":"23.11.2002"},{"value":73,"label":"aerial"},{"value":522,"label":"Alpenpanorama"},{"value":523,"label":"Alpine panorama"},{"value":6919,"label":"Altm\u00fchltal"},{"value":91,"label":"Bavaria"},{"value":92,"label":"Bayern"},{"value":920,"label":"Burg"},{"value":650,"label":"clouds"},{"value":116,"label":"color"},{"value":117,"label":"colour"},{"value":96,"label":"Deutschland"},{"value":608,"label":"Dunst"},{"value":6920,"label":"Eichst\u00e4tt"},{"value":97,"label":"Farbe"},{"value":652,"label":"fog"},{"value":935,"label":"fortress"},{"value":102,"label":"Foto: Klaus Leidorf -- www.Leidorf.de"},{"value":104,"label":"Germany"},{"value":613,"label":"haze"},{"value":6921,"label":"Hohes Kreuz"},{"value":614,"label":"horizon"},{"value":610,"label":"Horizont"},{"value":123,"label":"landscape"},{"value":124,"label":"landscape &amp; nature"},{"value":108,"label":"Landscape and Nature"},{"value":109,"label":"Landschaft"},{"value":110,"label":"Landschaft &amp; Natur"},{"value":59,"label":"Luftaufnahme"},{"value":60,"label":"Luftbild"},{"value":615,"label":"mist"},{"value":77,"label":"mood"},{"value":126,"label":"nature"},{"value":640,"label":"Nebel"},{"value":78,"label":"outdoor"},{"value":113,"label":"P2"},{"value":6922,"label":"Prinz-Max-Stra\u00dfe"},{"value":6923,"label":"S2p06322"},{"value":6924,"label":"Sallachstra\u00dfe"},{"value":489,"label":"settlement"},{"value":456,"label":"Siedlung"},{"value":69,"label":"Stimmung"},{"value":1815,"label":"Tal"},{"value":1816,"label":"valley"},{"value":6925,"label":"Willibaldsburg"},{"value":6926,"label":"Wintershof"},{"value":646,"label":"Wolken"}],"pa_license":[{"value":6469,"label":"P0 Private Nutzungslizenz - Full Resolution (Original)"},{"value":3068,"label":"P1 Full Resolution (Original)"},{"value":3075,"label":"P2 High Resolution (Original)"},{"value":3081,"label":"P3 High Resolution (Original)"}]},"featured_image_src_large":["https:\/\/leidorf.de\/wp-content\/uploads\/Wintershof-vor-dem-Altmuehltal-98877-1024x685.jpg",1024,685,true],"author_info":[],"comment_info":0,"_links":{"self":[{"href":"https:\/\/leidorf.de\/en\/wp-json\/wp\/v2\/product\/98959","targetHints":{"allow":["GET"]}}],"collection":[{"href":"https:\/\/leidorf.de\/en\/wp-json\/wp\/v2\/product"}],"about":[{"href":"https:\/\/leidorf.de\/en\/wp-json\/wp\/v2\/types\/product"}],"replies":[{"embeddable":true,"href":"https:\/\/leidorf.de\/en\/wp-json\/wp\/v2\/comments?post=98959"}],"wp:featuredmedia":[{"embeddable":true,"href":"https:\/\/leidorf.de\/en\/wp-json\/wp\/v2\/media\/98877"}],"wp:attachment":[{"href":"https:\/\/leidorf.de\/en\/wp-json\/wp\/v2\/media?parent=98959"}],"wp:term":[{"taxonomy":"product_brand","embeddable":true,"href":"https:\/\/leidorf.de\/en\/wp-json\/wp\/v2\/product_brand?post=98959"},{"taxonomy":"product_cat","embeddable":true,"href":"https:\/\/leidorf.de\/en\/wp-json\/wp\/v2\/product_cat?post=98959"},{"taxonomy":"product_tag","embeddable":true,"href":"https:\/\/leidorf.de\/en\/wp-json\/wp\/v2\/product_tag?post=98959"}],"curies":[{"name":"wp","href":"https:\/\/api.w.org\/{rel}","templated":true}]}}