{"id":99359,"date":"2025-12-08T11:32:55","date_gmt":"2025-12-08T10:32:55","guid":{"rendered":"https:\/\/leidorf.de\/product\/roundabout-at-the-hoerstein-industrial-park\/"},"modified":"2025-12-08T11:32:55","modified_gmt":"2025-12-08T10:32:55","slug":"roundabout-at-the-hoerstein-industrial-park","status":"publish","type":"product","link":"https:\/\/leidorf.de\/en\/product\/roundabout-at-the-hoerstein-industrial-park\/","title":{"rendered":"Roundabout at the H\u00f6rstein industrial park"},"content":{"rendered":"<p>Aerial view of a roundabout at the H\u00f6rstein industrial park near Alzenau, Aschaffenburg, Lower Franconia<\/p>\n","protected":false},"excerpt":{"rendered":"<p>Aerial view of a roundabout at the H\u00f6rstein industrial park near Alzenau, Aschaffenburg, Lower Franconia<\/p>\n","protected":false},"featured_media":99348,"comment_status":"closed","ping_status":"closed","template":"","meta":{"_kad_blocks_custom_css":"","_kad_blocks_head_custom_js":"","_kad_blocks_body_custom_js":"","_kad_blocks_footer_custom_js":"","_kadence_starter_templates_imported_post":false,"_kad_post_transparent":"","_kad_post_title":"","_kad_post_layout":"","_kad_post_sidebar_id":"","_kad_post_content_style":"","_kad_post_vertical_padding":"","_kad_post_feature":"","_kad_post_feature_position":"","_kad_post_header":false,"_kad_post_footer":false,"_kad_post_classname":""},"product_brand":[],"product_cat":[6478,6496],"product_tag":[3289,49,681,7151,73,7153,91,92,95,115,1021,116,117,96,97,102,104,105,120,121,159,167,7154,7155,1018,1579,59,60,78,113,7156,191,192,1582,7157,7158,184,185,194,187,162,170],"class_list":{"0":"post-99359","1":"product","2":"type-product","3":"status-publish","4":"has-post-thumbnail","6":"product_cat-fea-en","7":"product_cat-traffic","8":"product_tag-ab","9":"product_tag-by","10":"product_tag-ufr","11":"product_tag-10-06-2023","12":"product_tag-aerial","13":"product_tag-alzenau","14":"product_tag-bavaria","15":"product_tag-bayern","16":"product_tag-braun","17":"product_tag-brown","18":"product_tag-circle","19":"product_tag-color","20":"product_tag-colour","21":"product_tag-deutschland","22":"product_tag-farbe","23":"product_tag-foto-klaus-leidorf-www-leidorf-de","24":"product_tag-germany","25":"product_tag-grafik","26":"product_tag-graphic-art","27":"product_tag-graphics","28":"product_tag-grau","29":"product_tag-grey","30":"product_tag-hoerstein","31":"product_tag-industriegebiet-sued","32":"product_tag-kreis","33":"product_tag-kreisverkehr","34":"product_tag-luftaufnahme","35":"product_tag-luftbild","36":"product_tag-outdoor","37":"product_tag-p2","38":"product_tag-r5022226","39":"product_tag-road","40":"product_tag-road-traffic","41":"product_tag-roundabout","42":"product_tag-st2443","43":"product_tag-st3308","44":"product_tag-strasse","45":"product_tag-strassenverkehr","46":"product_tag-traffic","47":"product_tag-verkehr","48":"product_tag-weiss","49":"product_tag-white","50":"pa_license-p0-full-resolution-original","51":"pa_license-p1-full-resolution-original","52":"pa_license-p2-high-resolution-original","53":"pa_license-p3-high-resolution-original","55":"first","56":"instock","57":"taxable","58":"shipping-taxable","59":"purchasable","60":"product-type-variable","61":"entry","62":"content-bg","63":"loop-entry"},"taxonomy_info":{"product_cat":[{"value":6478,"label":"FEA"},{"value":6496,"label":"Traffic"}],"product_tag":[{"value":3289,"label":"-AB*-"},{"value":49,"label":"-BY-"},{"value":681,"label":"-UFR-"},{"value":7151,"label":"10.06.2023"},{"value":73,"label":"aerial"},{"value":7153,"label":"Alzenau"},{"value":91,"label":"Bavaria"},{"value":92,"label":"Bayern"},{"value":95,"label":"Braun"},{"value":115,"label":"brown"},{"value":1021,"label":"circle"},{"value":116,"label":"color"},{"value":117,"label":"colour"},{"value":96,"label":"Deutschland"},{"value":97,"label":"Farbe"},{"value":102,"label":"Foto: Klaus Leidorf -- www.Leidorf.de"},{"value":104,"label":"Germany"},{"value":105,"label":"Grafik"},{"value":120,"label":"graphic art"},{"value":121,"label":"graphics"},{"value":159,"label":"Grau"},{"value":167,"label":"grey"},{"value":7154,"label":"H\u00f6rstein"},{"value":7155,"label":"Industriegebiet S\u00fcd"},{"value":1018,"label":"Kreis"},{"value":1579,"label":"Kreisverkehr"},{"value":59,"label":"Luftaufnahme"},{"value":60,"label":"Luftbild"},{"value":78,"label":"outdoor"},{"value":113,"label":"P2"},{"value":7156,"label":"R5022226"},{"value":191,"label":"road"},{"value":192,"label":"road traffic"},{"value":1582,"label":"roundabout"},{"value":7157,"label":"St2443"},{"value":7158,"label":"St3308"},{"value":184,"label":"Stra\u00dfe"},{"value":185,"label":"Stra\u00dfenverkehr"},{"value":194,"label":"traffic"},{"value":187,"label":"Verkehr"},{"value":162,"label":"Wei\u00df"},{"value":170,"label":"white"}],"pa_license":[{"value":6469,"label":"P0 Private Nutzungslizenz - Full Resolution (Original)"},{"value":3068,"label":"P1 Full Resolution (Original)"},{"value":3075,"label":"P2 High Resolution (Original)"},{"value":3081,"label":"P3 High Resolution (Original)"}]},"featured_image_src_large":["https:\/\/leidorf.de\/wp-content\/uploads\/Kreisverkehr-am-Industriegebiet-Hoerstein-99348-1024x683.jpg",1024,683,true],"author_info":[],"comment_info":0,"_links":{"self":[{"href":"https:\/\/leidorf.de\/en\/wp-json\/wp\/v2\/product\/99359","targetHints":{"allow":["GET"]}}],"collection":[{"href":"https:\/\/leidorf.de\/en\/wp-json\/wp\/v2\/product"}],"about":[{"href":"https:\/\/leidorf.de\/en\/wp-json\/wp\/v2\/types\/product"}],"replies":[{"embeddable":true,"href":"https:\/\/leidorf.de\/en\/wp-json\/wp\/v2\/comments?post=99359"}],"wp:featuredmedia":[{"embeddable":true,"href":"https:\/\/leidorf.de\/en\/wp-json\/wp\/v2\/media\/99348"}],"wp:attachment":[{"href":"https:\/\/leidorf.de\/en\/wp-json\/wp\/v2\/media?parent=99359"}],"wp:term":[{"taxonomy":"product_brand","embeddable":true,"href":"https:\/\/leidorf.de\/en\/wp-json\/wp\/v2\/product_brand?post=99359"},{"taxonomy":"product_cat","embeddable":true,"href":"https:\/\/leidorf.de\/en\/wp-json\/wp\/v2\/product_cat?post=99359"},{"taxonomy":"product_tag","embeddable":true,"href":"https:\/\/leidorf.de\/en\/wp-json\/wp\/v2\/product_tag?post=99359"}],"curies":[{"name":"wp","href":"https:\/\/api.w.org\/{rel}","templated":true}]}}