{"id":99489,"date":"2025-12-11T11:17:06","date_gmt":"2025-12-11T10:17:06","guid":{"rendered":"https:\/\/leidorf.de\/product\/donautal-west-rest-area\/"},"modified":"2025-12-11T11:17:06","modified_gmt":"2025-12-11T10:17:06","slug":"donautal-west-rest-area","status":"publish","type":"product","link":"https:\/\/leidorf.de\/en\/product\/donautal-west-rest-area\/","title":{"rendered":"Donautal West rest area"},"content":{"rendered":"<p>Aerial view of the Donautal West rest area on the A3 near Passau, Lower Bavaria<\/p>\n","protected":false},"excerpt":{"rendered":"<p>Aerial view of the Donautal West rest area on the A3 near Passau, Lower Bavaria<\/p>\n","protected":false},"featured_media":99433,"comment_status":"closed","ping_status":"closed","template":"","meta":{"_kad_blocks_custom_css":"","_kad_blocks_head_custom_js":"","_kad_blocks_body_custom_js":"","_kad_blocks_footer_custom_js":"","_kadence_starter_templates_imported_post":false,"_kad_post_transparent":"","_kad_post_title":"","_kad_post_layout":"","_kad_post_sidebar_id":"","_kad_post_content_style":"","_kad_post_vertical_padding":"","_kad_post_feature":"","_kad_post_feature_position":"","_kad_post_header":false,"_kad_post_footer":false,"_kad_post_classname":""},"product_brand":[],"product_cat":[6478,6496],"product_tag":[49,51,1258,7181,1058,73,1060,7184,6103,91,92,198,207,116,117,96,97,102,391,104,159,122,167,106,59,60,78,113,5013,7185,7186,192,185,128,162,170,406],"class_list":{"0":"post-99489","1":"product","2":"type-product","3":"status-publish","4":"has-post-thumbnail","6":"product_cat-fea-en","7":"product_cat-traffic","8":"product_tag-by","9":"product_tag-ndb","10":"product_tag-pa","11":"product_tag-13-06-2023","12":"product_tag-a3","13":"product_tag-aerial","14":"product_tag-autobahn","15":"product_tag-autobahnparkplatz","16":"product_tag-autobahnrastplatz","17":"product_tag-bavaria","18":"product_tag-bayern","19":"product_tag-blau","20":"product_tag-blue","21":"product_tag-color","22":"product_tag-colour","23":"product_tag-deutschland","24":"product_tag-farbe","25":"product_tag-foto-klaus-leidorf-www-leidorf-de","26":"product_tag-gelb","27":"product_tag-germany","28":"product_tag-grau","29":"product_tag-green","30":"product_tag-grey","31":"product_tag-gruen","32":"product_tag-luftaufnahme","33":"product_tag-luftbild","34":"product_tag-outdoor","35":"product_tag-p2","36":"product_tag-passau","37":"product_tag-r5023945","38":"product_tag-rasststaette-donautal-west","39":"product_tag-road-traffic","40":"product_tag-strassenverkehr","41":"product_tag-verde","42":"product_tag-weiss","43":"product_tag-white","44":"product_tag-yellow","45":"pa_license-p0-full-resolution-original","46":"pa_license-p1-full-resolution-original","47":"pa_license-p2-high-resolution-original","48":"pa_license-p3-high-resolution-original","50":"first","51":"instock","52":"taxable","53":"shipping-taxable","54":"purchasable","55":"product-type-variable","56":"entry","57":"content-bg","58":"loop-entry"},"taxonomy_info":{"product_cat":[{"value":6478,"label":"FEA"},{"value":6496,"label":"Traffic"}],"product_tag":[{"value":49,"label":"-BY-"},{"value":51,"label":"-NDB-"},{"value":1258,"label":"-PA-"},{"value":7181,"label":"13.06.2023"},{"value":1058,"label":"A3"},{"value":73,"label":"aerial"},{"value":1060,"label":"Autobahn"},{"value":7184,"label":"Autobahnparkplatz"},{"value":6103,"label":"Autobahnrastplatz"},{"value":91,"label":"Bavaria"},{"value":92,"label":"Bayern"},{"value":198,"label":"Blau"},{"value":207,"label":"blue"},{"value":116,"label":"color"},{"value":117,"label":"colour"},{"value":96,"label":"Deutschland"},{"value":97,"label":"Farbe"},{"value":102,"label":"Foto: Klaus Leidorf -- www.Leidorf.de"},{"value":391,"label":"Gelb"},{"value":104,"label":"Germany"},{"value":159,"label":"Grau"},{"value":122,"label":"green"},{"value":167,"label":"grey"},{"value":106,"label":"Gr\u00fcn"},{"value":59,"label":"Luftaufnahme"},{"value":60,"label":"Luftbild"},{"value":78,"label":"outdoor"},{"value":113,"label":"P2"},{"value":5013,"label":"Passau"},{"value":7185,"label":"R5023945"},{"value":7186,"label":"Rasstst\u00e4tte Donautal West"},{"value":192,"label":"road traffic"},{"value":185,"label":"Stra\u00dfenverkehr"},{"value":128,"label":"verde"},{"value":162,"label":"Wei\u00df"},{"value":170,"label":"white"},{"value":406,"label":"yellow"}],"pa_license":[{"value":6469,"label":"P0 Private Nutzungslizenz - Full Resolution (Original)"},{"value":3068,"label":"P1 Full Resolution (Original)"},{"value":3075,"label":"P2 High Resolution (Original)"},{"value":3081,"label":"P3 High Resolution (Original)"}]},"featured_image_src_large":["https:\/\/leidorf.de\/wp-content\/uploads\/Raststaette-Donautal-West-99433-1024x683.jpg",1024,683,true],"author_info":[],"comment_info":0,"_links":{"self":[{"href":"https:\/\/leidorf.de\/en\/wp-json\/wp\/v2\/product\/99489","targetHints":{"allow":["GET"]}}],"collection":[{"href":"https:\/\/leidorf.de\/en\/wp-json\/wp\/v2\/product"}],"about":[{"href":"https:\/\/leidorf.de\/en\/wp-json\/wp\/v2\/types\/product"}],"replies":[{"embeddable":true,"href":"https:\/\/leidorf.de\/en\/wp-json\/wp\/v2\/comments?post=99489"}],"wp:featuredmedia":[{"embeddable":true,"href":"https:\/\/leidorf.de\/en\/wp-json\/wp\/v2\/media\/99433"}],"wp:attachment":[{"href":"https:\/\/leidorf.de\/en\/wp-json\/wp\/v2\/media?parent=99489"}],"wp:term":[{"taxonomy":"product_brand","embeddable":true,"href":"https:\/\/leidorf.de\/en\/wp-json\/wp\/v2\/product_brand?post=99489"},{"taxonomy":"product_cat","embeddable":true,"href":"https:\/\/leidorf.de\/en\/wp-json\/wp\/v2\/product_cat?post=99489"},{"taxonomy":"product_tag","embeddable":true,"href":"https:\/\/leidorf.de\/en\/wp-json\/wp\/v2\/product_tag?post=99489"}],"curies":[{"name":"wp","href":"https:\/\/api.w.org\/{rel}","templated":true}]}}