{"id":99661,"date":"2025-12-16T10:46:39","date_gmt":"2025-12-16T09:46:39","guid":{"rendered":"https:\/\/leidorf.de\/product\/cornfield-in-a-convenient-location\/"},"modified":"2025-12-16T10:46:39","modified_gmt":"2025-12-16T09:46:39","slug":"cornfield-in-a-convenient-location","status":"publish","type":"product","link":"https:\/\/leidorf.de\/en\/product\/cornfield-in-a-convenient-location\/","title":{"rendered":"Cornfield in a convenient location"},"content":{"rendered":"<p>Aerial view of a cornfield in a convenient location at the Probfeld car terminal, Neuburg-Schrobenhausen, Upper Bavaria<\/p>\n","protected":false},"excerpt":{"rendered":"<p>Aerial view of a cornfield in a convenient location at the Probfeld car terminal, Neuburg-Schrobenhausen, Upper Bavaria<\/p>\n","protected":false},"featured_media":99657,"comment_status":"closed","ping_status":"closed","template":"","meta":{"_kad_blocks_custom_css":"","_kad_blocks_head_custom_js":"","_kad_blocks_body_custom_js":"","_kad_blocks_footer_custom_js":"","_kadence_starter_templates_imported_post":false,"_kad_post_transparent":"","_kad_post_title":"","_kad_post_layout":"","_kad_post_sidebar_id":"","_kad_post_content_style":"","_kad_post_vertical_padding":"","_kad_post_feature":"","_kad_post_feature_position":"","_kad_post_header":false,"_kad_post_footer":false,"_kad_post_classname":""},"product_brand":[],"product_cat":[6478,6476,6496],"product_tag":[49,2533,130,7311,757,73,175,176,758,188,759,768,177,91,92,95,115,189,190,116,117,96,249,97,1917,102,104,159,122,167,106,6290,6958,2186,59,60,78,113,182,6291,7328,257,128,162,170],"class_list":{"0":"post-99661","1":"product","2":"type-product","3":"status-publish","4":"has-post-thumbnail","6":"product_cat-fea-en","7":"product_cat-landscape","8":"product_cat-traffic","9":"product_tag-by","10":"product_tag-nd","11":"product_tag-obb","12":"product_tag-19-06-2024","13":"product_tag-abstellplatz","14":"product_tag-aerial","15":"product_tag-audi","16":"product_tag-auto","17":"product_tag-automobil","18":"product_tag-automobile","19":"product_tag-automobilindustrie","20":"product_tag-automotive-industry","21":"product_tag-autos","22":"product_tag-bavaria","23":"product_tag-bayern","24":"product_tag-braun","25":"product_tag-brown","26":"product_tag-car","27":"product_tag-cars","28":"product_tag-color","29":"product_tag-colour","30":"product_tag-deutschland","31":"product_tag-fahrzeug","32":"product_tag-farbe","33":"product_tag-flaechenverbrauch","34":"product_tag-foto-klaus-leidorf-www-leidorf-de","35":"product_tag-germany","36":"product_tag-grau","37":"product_tag-green","38":"product_tag-grey","39":"product_tag-gruen","40":"product_tag-karlskron","41":"product_tag-lagerflaeche-fuer-pkw","42":"product_tag-land-consumption","43":"product_tag-luftaufnahme","44":"product_tag-luftbild","45":"product_tag-outdoor","46":"product_tag-p2","47":"product_tag-pkw","48":"product_tag-probfeld","49":"product_tag-r5030007","50":"product_tag-vehicle","51":"product_tag-verde","52":"product_tag-weiss","53":"product_tag-white","54":"pa_license-p0-full-resolution-original","55":"pa_license-p1-full-resolution-original","56":"pa_license-p2-high-resolution-original","57":"pa_license-p3-high-resolution-original","59":"first","60":"instock","61":"taxable","62":"shipping-taxable","63":"purchasable","64":"product-type-variable","65":"entry","66":"content-bg","67":"loop-entry"},"taxonomy_info":{"product_cat":[{"value":6478,"label":"FEA"},{"value":6476,"label":"Landscape"},{"value":6496,"label":"Traffic"}],"product_tag":[{"value":49,"label":"-BY-"},{"value":2533,"label":"-ND-"},{"value":130,"label":"-OBB-"},{"value":7311,"label":"19.06.2024"},{"value":757,"label":"Abstellplatz"},{"value":73,"label":"aerial"},{"value":175,"label":"Audi"},{"value":176,"label":"Auto"},{"value":758,"label":"Automobil"},{"value":188,"label":"automobile"},{"value":759,"label":"Automobilindustrie"},{"value":768,"label":"automotive industry"},{"value":177,"label":"Autos"},{"value":91,"label":"Bavaria"},{"value":92,"label":"Bayern"},{"value":95,"label":"Braun"},{"value":115,"label":"brown"},{"value":189,"label":"car"},{"value":190,"label":"cars"},{"value":116,"label":"color"},{"value":117,"label":"colour"},{"value":96,"label":"Deutschland"},{"value":249,"label":"Fahrzeug"},{"value":97,"label":"Farbe"},{"value":1917,"label":"Fl\u00e4chenverbrauch"},{"value":102,"label":"Foto: Klaus Leidorf -- www.Leidorf.de"},{"value":104,"label":"Germany"},{"value":159,"label":"Grau"},{"value":122,"label":"green"},{"value":167,"label":"grey"},{"value":106,"label":"Gr\u00fcn"},{"value":6290,"label":"Karlskron"},{"value":6958,"label":"Lagerfl\u00e4che f\u00fcr PKW"},{"value":2186,"label":"land consumption"},{"value":59,"label":"Luftaufnahme"},{"value":60,"label":"Luftbild"},{"value":78,"label":"outdoor"},{"value":113,"label":"P2"},{"value":182,"label":"PKW"},{"value":6291,"label":"Probfeld"},{"value":7328,"label":"R5030007"},{"value":257,"label":"vehicle"},{"value":128,"label":"verde"},{"value":162,"label":"Wei\u00df"},{"value":170,"label":"white"}],"pa_license":[{"value":6469,"label":"P0 Private Nutzungslizenz - Full Resolution (Original)"},{"value":3068,"label":"P1 Full Resolution (Original)"},{"value":3075,"label":"P2 High Resolution (Original)"},{"value":3081,"label":"P3 High Resolution (Original)"}]},"featured_image_src_large":["https:\/\/leidorf.de\/wp-content\/uploads\/Maisfeld-in-verkehrsguenstiger-Lage-99657-1024x683.jpg",1024,683,true],"author_info":[],"comment_info":0,"_links":{"self":[{"href":"https:\/\/leidorf.de\/en\/wp-json\/wp\/v2\/product\/99661","targetHints":{"allow":["GET"]}}],"collection":[{"href":"https:\/\/leidorf.de\/en\/wp-json\/wp\/v2\/product"}],"about":[{"href":"https:\/\/leidorf.de\/en\/wp-json\/wp\/v2\/types\/product"}],"replies":[{"embeddable":true,"href":"https:\/\/leidorf.de\/en\/wp-json\/wp\/v2\/comments?post=99661"}],"wp:featuredmedia":[{"embeddable":true,"href":"https:\/\/leidorf.de\/en\/wp-json\/wp\/v2\/media\/99657"}],"wp:attachment":[{"href":"https:\/\/leidorf.de\/en\/wp-json\/wp\/v2\/media?parent=99661"}],"wp:term":[{"taxonomy":"product_brand","embeddable":true,"href":"https:\/\/leidorf.de\/en\/wp-json\/wp\/v2\/product_brand?post=99661"},{"taxonomy":"product_cat","embeddable":true,"href":"https:\/\/leidorf.de\/en\/wp-json\/wp\/v2\/product_cat?post=99661"},{"taxonomy":"product_tag","embeddable":true,"href":"https:\/\/leidorf.de\/en\/wp-json\/wp\/v2\/product_tag?post=99661"}],"curies":[{"name":"wp","href":"https:\/\/api.w.org\/{rel}","templated":true}]}}